{"id":160,"date":"2017-05-09T09:17:11","date_gmt":"2017-05-09T07:17:11","guid":{"rendered":"https:\/\/www.unitro.de\/wordpress\/imprint\/"},"modified":"2020-07-30T08:19:01","modified_gmt":"2020-07-30T06:19:01","slug":"imprint","status":"publish","type":"page","link":"https:\/\/www.unitro.de\/en\/imprint\/","title":{"rendered":"Imprint"},"content":{"rendered":"\n\t<div style=\"word-wrap: break-word;\"><h1>Site Notice<\/h1>\n\n<p>J&uuml;rgen Fleischmann<br \/>\nUNITRO-Fleischmann St&ouml;rmeldesysteme<br \/>\nGaildorfer Stra&szlig;e 15<br \/>\n71522 Backnang<\/p>\n\n<h2>Contact<\/h2>\n<p>Phone: +49 (0)7191 \/ 141-0<br \/>\nTelefax: +49 (0)7191 \/ 141-299<br \/>\nE-mail: info@unitro.de<\/p>\n\n<h2>VAT ID<\/h2>\n<p>Sales tax identification number according to Sect. 27 a of the Sales Tax Law:<br \/>\nDE 144 696 676<\/p>\n\n<h2>Information regarding professional liability insurance<\/h2>\n<p><strong>Name and registered office of the insurer:<\/strong><br \/>\nW&uuml;rttembergische Versicherung AG<br \/>\r\nGutenbergstra&szlig;e 30 <br \/>\r\n70176 Stuttgart<\/p>\n<p><strong>Scope of insurance:<\/strong><br \/>Weltweit<\/p>\n\n<h2>Dispute resolution proceedings in front of a consumer arbitration board<\/h2>\n<p>We are not willing or obliged to participate in dispute resolution proceedings in front of a consumer arbitration board.<\/p><\/div>\n\t<h3>The realization of the website was done by:<\/h3>\n<p><a href=\"http:\/\/www.smg-webdesign.de\/\" target=\"_blank\" rel=\"noopener noreferrer\"><img loading=\"lazy\" decoding=\"async\" src=\"https:\/\/www.unitro.de\/wp-content\/uploads\/2017\/04\/SMG-Website-Logo-300x59.jpg\" alt=\"\" width=\"300\" height=\"59\" \/><\/a><\/p>\n<strong>SMG-Webdesign<\/strong><br \/>\n<strong> Sascha G\u00fcnther<\/strong><br \/>\nBenckiserstra\u00dfe 56<br \/>\n67059 Ludwigshafen am Rhein\nTel: 0621-59810319<br \/>\nFax: 0621-86056369\nMail:\u00a0 <a href=\"mailto:info@smg-webdesign.de\">info@smg-webdesign.de<\/a><br \/>\nWeb: <a href=\"http:\/\/www.smg-webdesign.de\" target=\"_blank\" rel=\"noopener noreferrer\">www.smg-webdesign.de<\/a>\n","protected":false},"excerpt":{"rendered":"<p>The realization of the website was done by: SMG-Webdesign Sascha G\u00fcnther Benckiserstra\u00dfe 56 67059 Ludwigshafen am Rhein Tel: 0621-59810319 Fax: 0621-86056369 Mail:\u00a0 info@smg-webdesign.de Web: www.smg-webdesign.de<\/p>\n","protected":false},"author":1,"featured_media":0,"parent":0,"menu_order":0,"comment_status":"closed","ping_status":"closed","template":"","meta":{"footnotes":""},"class_list":["post-160","page","type-page","status-publish","hentry"],"yoast_head":"<!-- This site is optimized with the Yoast SEO plugin v27.4 - https:\/\/yoast.com\/product\/yoast-seo-wordpress\/ -->\n<title>Imprint - UNITRO - Fleischmann St\u00f6rmeldesysteme<\/title>\n<meta name=\"robots\" content=\"index, follow, max-snippet:-1, max-image-preview:large, max-video-preview:-1\" \/>\n<link rel=\"canonical\" href=\"https:\/\/www.unitro.de\/en\/imprint\/\" \/>\n<meta property=\"og:locale\" content=\"en_US\" \/>\n<meta property=\"og:type\" content=\"article\" \/>\n<meta property=\"og:title\" content=\"Imprint - UNITRO - Fleischmann St\u00f6rmeldesysteme\" \/>\n<meta property=\"og:description\" content=\"The realization of the website was done by: SMG-Webdesign Sascha G\u00fcnther Benckiserstra\u00dfe 56 67059 Ludwigshafen am Rhein Tel: 0621-59810319 Fax: 0621-86056369 Mail:\u00a0 info@smg-webdesign.de Web: www.smg-webdesign.de\" \/>\n<meta property=\"og:url\" content=\"https:\/\/www.unitro.de\/en\/imprint\/\" \/>\n<meta property=\"og:site_name\" content=\"UNITRO - Fleischmann St\u00f6rmeldesysteme\" \/>\n<meta property=\"article:modified_time\" content=\"2020-07-30T06:19:01+00:00\" \/>\n<meta property=\"og:image\" content=\"https:\/\/www.unitro.de\/wp-content\/uploads\/2017\/04\/SMG-Website-Logo-300x59.jpg\" \/>\n<meta name=\"twitter:card\" content=\"summary_large_image\" \/>\n<script type=\"application\/ld+json\" class=\"yoast-schema-graph\">{\"@context\":\"https:\\\/\\\/schema.org\",\"@graph\":[{\"@type\":\"WebPage\",\"@id\":\"https:\\\/\\\/www.unitro.de\\\/en\\\/imprint\\\/\",\"url\":\"https:\\\/\\\/www.unitro.de\\\/en\\\/imprint\\\/\",\"name\":\"Imprint - UNITRO - Fleischmann St\u00f6rmeldesysteme\",\"isPartOf\":{\"@id\":\"https:\\\/\\\/www.unitro.de\\\/en\\\/#website\"},\"primaryImageOfPage\":{\"@id\":\"https:\\\/\\\/www.unitro.de\\\/en\\\/imprint\\\/#primaryimage\"},\"image\":{\"@id\":\"https:\\\/\\\/www.unitro.de\\\/en\\\/imprint\\\/#primaryimage\"},\"thumbnailUrl\":\"https:\\\/\\\/www.unitro.de\\\/wp-content\\\/uploads\\\/2017\\\/04\\\/SMG-Website-Logo-300x59.jpg\",\"datePublished\":\"2017-05-09T07:17:11+00:00\",\"dateModified\":\"2020-07-30T06:19:01+00:00\",\"breadcrumb\":{\"@id\":\"https:\\\/\\\/www.unitro.de\\\/en\\\/imprint\\\/#breadcrumb\"},\"inLanguage\":\"en-US\",\"potentialAction\":[{\"@type\":\"ReadAction\",\"target\":[\"https:\\\/\\\/www.unitro.de\\\/en\\\/imprint\\\/\"]}]},{\"@type\":\"ImageObject\",\"inLanguage\":\"en-US\",\"@id\":\"https:\\\/\\\/www.unitro.de\\\/en\\\/imprint\\\/#primaryimage\",\"url\":\"https:\\\/\\\/www.unitro.de\\\/wp-content\\\/uploads\\\/2017\\\/04\\\/SMG-Website-Logo-300x59.jpg\",\"contentUrl\":\"https:\\\/\\\/www.unitro.de\\\/wp-content\\\/uploads\\\/2017\\\/04\\\/SMG-Website-Logo-300x59.jpg\"},{\"@type\":\"BreadcrumbList\",\"@id\":\"https:\\\/\\\/www.unitro.de\\\/en\\\/imprint\\\/#breadcrumb\",\"itemListElement\":[{\"@type\":\"ListItem\",\"position\":1,\"name\":\"Startseite\",\"item\":\"https:\\\/\\\/www.unitro.de\\\/en\\\/\"},{\"@type\":\"ListItem\",\"position\":2,\"name\":\"Imprint\"}]},{\"@type\":\"WebSite\",\"@id\":\"https:\\\/\\\/www.unitro.de\\\/en\\\/#website\",\"url\":\"https:\\\/\\\/www.unitro.de\\\/en\\\/\",\"name\":\"UNITRO - Fleischmann St\u00f6rmeldesysteme\",\"description\":\"since 1977 the power to control\",\"publisher\":{\"@id\":\"https:\\\/\\\/www.unitro.de\\\/en\\\/#organization\"},\"potentialAction\":[{\"@type\":\"SearchAction\",\"target\":{\"@type\":\"EntryPoint\",\"urlTemplate\":\"https:\\\/\\\/www.unitro.de\\\/en\\\/?s={search_term_string}\"},\"query-input\":{\"@type\":\"PropertyValueSpecification\",\"valueRequired\":true,\"valueName\":\"search_term_string\"}}],\"inLanguage\":\"en-US\"},{\"@type\":\"Organization\",\"@id\":\"https:\\\/\\\/www.unitro.de\\\/en\\\/#organization\",\"name\":\"UNITRO - Fleischmann St\u00f6rmeldesysteme\",\"url\":\"https:\\\/\\\/www.unitro.de\\\/en\\\/\",\"logo\":{\"@type\":\"ImageObject\",\"inLanguage\":\"en-US\",\"@id\":\"https:\\\/\\\/www.unitro.de\\\/en\\\/#\\\/schema\\\/logo\\\/image\\\/\",\"url\":\"https:\\\/\\\/www.unitro.de\\\/wp-content\\\/uploads\\\/2017\\\/05\\\/unitro-logo.png\",\"contentUrl\":\"https:\\\/\\\/www.unitro.de\\\/wp-content\\\/uploads\\\/2017\\\/05\\\/unitro-logo.png\",\"width\":320,\"height\":100,\"caption\":\"UNITRO - Fleischmann St\u00f6rmeldesysteme\"},\"image\":{\"@id\":\"https:\\\/\\\/www.unitro.de\\\/en\\\/#\\\/schema\\\/logo\\\/image\\\/\"},\"sameAs\":[\"https:\\\/\\\/www.youtube.com\\\/channel\\\/UCJxURw1A7tEDsKUf81SRwnQ\"]}]}<\/script>\n<!-- \/ Yoast SEO plugin. -->","yoast_head_json":{"title":"Imprint - UNITRO - Fleischmann St\u00f6rmeldesysteme","robots":{"index":"index","follow":"follow","max-snippet":"max-snippet:-1","max-image-preview":"max-image-preview:large","max-video-preview":"max-video-preview:-1"},"canonical":"https:\/\/www.unitro.de\/en\/imprint\/","og_locale":"en_US","og_type":"article","og_title":"Imprint - UNITRO - Fleischmann St\u00f6rmeldesysteme","og_description":"The realization of the website was done by: SMG-Webdesign Sascha G\u00fcnther Benckiserstra\u00dfe 56 67059 Ludwigshafen am Rhein Tel: 0621-59810319 Fax: 0621-86056369 Mail:\u00a0 info@smg-webdesign.de Web: www.smg-webdesign.de","og_url":"https:\/\/www.unitro.de\/en\/imprint\/","og_site_name":"UNITRO - Fleischmann St\u00f6rmeldesysteme","article_modified_time":"2020-07-30T06:19:01+00:00","og_image":[{"url":"https:\/\/www.unitro.de\/wp-content\/uploads\/2017\/04\/SMG-Website-Logo-300x59.jpg","type":"","width":"","height":""}],"twitter_card":"summary_large_image","schema":{"@context":"https:\/\/schema.org","@graph":[{"@type":"WebPage","@id":"https:\/\/www.unitro.de\/en\/imprint\/","url":"https:\/\/www.unitro.de\/en\/imprint\/","name":"Imprint - UNITRO - Fleischmann St\u00f6rmeldesysteme","isPartOf":{"@id":"https:\/\/www.unitro.de\/en\/#website"},"primaryImageOfPage":{"@id":"https:\/\/www.unitro.de\/en\/imprint\/#primaryimage"},"image":{"@id":"https:\/\/www.unitro.de\/en\/imprint\/#primaryimage"},"thumbnailUrl":"https:\/\/www.unitro.de\/wp-content\/uploads\/2017\/04\/SMG-Website-Logo-300x59.jpg","datePublished":"2017-05-09T07:17:11+00:00","dateModified":"2020-07-30T06:19:01+00:00","breadcrumb":{"@id":"https:\/\/www.unitro.de\/en\/imprint\/#breadcrumb"},"inLanguage":"en-US","potentialAction":[{"@type":"ReadAction","target":["https:\/\/www.unitro.de\/en\/imprint\/"]}]},{"@type":"ImageObject","inLanguage":"en-US","@id":"https:\/\/www.unitro.de\/en\/imprint\/#primaryimage","url":"https:\/\/www.unitro.de\/wp-content\/uploads\/2017\/04\/SMG-Website-Logo-300x59.jpg","contentUrl":"https:\/\/www.unitro.de\/wp-content\/uploads\/2017\/04\/SMG-Website-Logo-300x59.jpg"},{"@type":"BreadcrumbList","@id":"https:\/\/www.unitro.de\/en\/imprint\/#breadcrumb","itemListElement":[{"@type":"ListItem","position":1,"name":"Startseite","item":"https:\/\/www.unitro.de\/en\/"},{"@type":"ListItem","position":2,"name":"Imprint"}]},{"@type":"WebSite","@id":"https:\/\/www.unitro.de\/en\/#website","url":"https:\/\/www.unitro.de\/en\/","name":"UNITRO - Fleischmann St\u00f6rmeldesysteme","description":"since 1977 the power to control","publisher":{"@id":"https:\/\/www.unitro.de\/en\/#organization"},"potentialAction":[{"@type":"SearchAction","target":{"@type":"EntryPoint","urlTemplate":"https:\/\/www.unitro.de\/en\/?s={search_term_string}"},"query-input":{"@type":"PropertyValueSpecification","valueRequired":true,"valueName":"search_term_string"}}],"inLanguage":"en-US"},{"@type":"Organization","@id":"https:\/\/www.unitro.de\/en\/#organization","name":"UNITRO - Fleischmann St\u00f6rmeldesysteme","url":"https:\/\/www.unitro.de\/en\/","logo":{"@type":"ImageObject","inLanguage":"en-US","@id":"https:\/\/www.unitro.de\/en\/#\/schema\/logo\/image\/","url":"https:\/\/www.unitro.de\/wp-content\/uploads\/2017\/05\/unitro-logo.png","contentUrl":"https:\/\/www.unitro.de\/wp-content\/uploads\/2017\/05\/unitro-logo.png","width":320,"height":100,"caption":"UNITRO - Fleischmann St\u00f6rmeldesysteme"},"image":{"@id":"https:\/\/www.unitro.de\/en\/#\/schema\/logo\/image\/"},"sameAs":["https:\/\/www.youtube.com\/channel\/UCJxURw1A7tEDsKUf81SRwnQ"]}]}},"_links":{"self":[{"href":"https:\/\/www.unitro.de\/en\/wp-json\/wp\/v2\/pages\/160","targetHints":{"allow":["GET"]}}],"collection":[{"href":"https:\/\/www.unitro.de\/en\/wp-json\/wp\/v2\/pages"}],"about":[{"href":"https:\/\/www.unitro.de\/en\/wp-json\/wp\/v2\/types\/page"}],"author":[{"embeddable":true,"href":"https:\/\/www.unitro.de\/en\/wp-json\/wp\/v2\/users\/1"}],"replies":[{"embeddable":true,"href":"https:\/\/www.unitro.de\/en\/wp-json\/wp\/v2\/comments?post=160"}],"version-history":[{"count":0,"href":"https:\/\/www.unitro.de\/en\/wp-json\/wp\/v2\/pages\/160\/revisions"}],"wp:attachment":[{"href":"https:\/\/www.unitro.de\/en\/wp-json\/wp\/v2\/media?parent=160"}],"curies":[{"name":"wp","href":"https:\/\/api.w.org\/{rel}","templated":true}]}}